{"id":59,"date":"2020-06-25T11:47:18","date_gmt":"2020-06-25T14:47:18","guid":{"rendered":"https:\/\/solotica.com.br\/?post_type=product&#038;p=59"},"modified":"2024-04-30T14:11:51","modified_gmt":"2024-04-30T17:11:51","slug":"hidrocor","status":"publish","type":"product","link":"https:\/\/solotica.com.br\/en_us\/product\/hidrocor\/","title":{"rendered":"HIDROCOR"},"content":{"rendered":"<p>The Hidrocor lenses feature very subtle colors that blend with the natural eye color, creating impressive effects.<\/p>\n<p>Many color and power options are available, as well as toric lenses, to cater to patients needing visual correction.<\/p>\n<p>Lenses available in these colors:<\/p>\n<ul>\n<li>Mel<\/li>\n<li>Ocre<\/li>\n<li>Grafite<\/li>\n<li>Ice<\/li>\n<li>Top\u00e1zio<\/li>\n<li>Aquamarine<\/li>\n<li>Quartzo<\/li>\n<li>Cristal<\/li>\n<li>\u00c2mbar<\/li>\n<li>Avel\u00e3<\/li>\n<li>Jade<\/li>\n<li>Safira<\/li>\n<li>B\u00fazios<\/li>\n<li>Copacabana<\/li>\n<li>Ipanema<\/li>\n<li>Parati<\/li>\n<li>Cielo<\/li>\n<li>\u00c1gata<\/li>\n<\/ul>\n<p><i>Virtual test images are just for show &#8211; colors might vary based on your eye color.<\/i><\/p>\n","protected":false},"excerpt":{"rendered":"<p>Material: Polymacon<\/p>\n<p>Water Content: 38%<\/p>\n<p>Powers: -15,00 to +15,00D<\/p>\n<p>Base Curve: 8,7<\/p>\n<p>\u00f8: 14,2mm<\/p>\n<p>Also Avaliable Toric<\/p>\n<p>Power: -20,00 a +10,00D Cyl. -00,75 a -7,00<\/p>\n<p>Base Curve: 8,7 | 8,9 | 9,1<\/p>\n<p>\u00f8: 14.8mm<\/p>\n<p>Yearly Replacement<\/p>\n<p><strong>Label Information to User<\/strong><\/p>\n<p>Comunidade Europ\u00e9ia\/<i>European Conformity<\/i><\/p>\n<p><a href=\"https:\/\/solotica.com.br\/wp-content\/uploads\/2020\/05\/Unit-P.pdf\">Unit Plano, Myopia and Farsightedness<\/a><\/p>\n<p><a href=\"https:\/\/solotica.com.br\/wp-content\/uploads\/2020\/05\/Set-Unit.pdf\">Set Unit &#8211; Plano, Myopia and Farsightedness<\/a><\/p>\n<p><a href=\"https:\/\/solotica.com.br\/wp-content\/uploads\/2020\/05\/Unit-Toric-Lenses.pdf\">Unit &#8211; Toric Lenses<\/a><\/p>\n<p><a href=\"https:\/\/solotica.com.br\/wp-content\/uploads\/2020\/05\/Set-Toric-Lenses.pdf\">Set &#8211; Toric Lenses<\/a><\/p>\n","protected":false},"featured_media":60,"comment_status":"open","ping_status":"closed","template":"","meta":{"cybocfi_hide_featured_image":""},"product_cat":[17],"product_tag":[],"wpr_featured_image":["https:\/\/solotica.com.br\/en_us\/wp-content\/uploads\/sites\/3\/2020\/06\/Hidrocor-150x150.png",150,150,true],"yoast_head":"<!-- This site is optimized with the Yoast SEO plugin v23.4 - https:\/\/yoast.com\/wordpress\/plugins\/seo\/ -->\n<title>HIDROCOR - Sol\u00f3tica Contact Lenses<\/title>\n<meta name=\"robots\" content=\"index, follow, max-snippet:-1, max-image-preview:large, max-video-preview:-1\" \/>\n<link rel=\"canonical\" href=\"https:\/\/solotica.com.br\/en_us\/product\/hidrocor\/\" \/>\n<meta property=\"og:locale\" content=\"pt_BR\" \/>\n<meta property=\"og:type\" content=\"article\" \/>\n<meta property=\"og:title\" content=\"HIDROCOR - Sol\u00f3tica Contact Lenses\" \/>\n<meta property=\"og:description\" content=\"Material: Polymacon  Water Content: 38%  Powers: -15,00 to +15,00D  Base Curve: 8,7  \u00f8: 14,2mm  Also Avaliable Toric  Power: -20,00 a +10,00D Cyl. -00,75 a -7,00  Base Curve: 8,7 | 8,9 | 9,1  \u00f8: 14.8mm  Yearly Replacement  Label Information to User  Comunidade Europ\u00e9ia\/European Conformity  Unit Plano, Myopia and Farsightedness  Set Unit - Plano, Myopia and Farsightedness  Unit - Toric Lenses  Set - Toric Lenses\" \/>\n<meta property=\"og:url\" content=\"https:\/\/solotica.com.br\/en_us\/product\/hidrocor\/\" \/>\n<meta property=\"og:site_name\" content=\"Sol\u00f3tica Contact Lenses\" \/>\n<meta property=\"article:modified_time\" content=\"2024-04-30T17:11:51+00:00\" \/>\n<meta property=\"og:image\" content=\"https:\/\/solotica.com.br\/en_us\/wp-content\/uploads\/sites\/3\/2020\/06\/Hidrocor.png\" \/>\n\t<meta property=\"og:image:width\" content=\"906\" \/>\n\t<meta property=\"og:image:height\" content=\"851\" \/>\n\t<meta property=\"og:image:type\" content=\"image\/png\" \/>\n<meta name=\"twitter:card\" content=\"summary_large_image\" \/>\n<meta name=\"twitter:label1\" content=\"Est. tempo de leitura\" \/>\n\t<meta name=\"twitter:data1\" content=\"1 minuto\" \/>\n<script type=\"application\/ld+json\" class=\"yoast-schema-graph\">{\"@context\":\"https:\/\/schema.org\",\"@graph\":[{\"@type\":\"WebPage\",\"@id\":\"https:\/\/solotica.com.br\/en_us\/product\/hidrocor\/\",\"url\":\"https:\/\/solotica.com.br\/en_us\/product\/hidrocor\/\",\"name\":\"HIDROCOR - Sol\u00f3tica Contact Lenses\",\"isPartOf\":{\"@id\":\"https:\/\/solotica.com.br\/en_us\/#website\"},\"primaryImageOfPage\":{\"@id\":\"https:\/\/solotica.com.br\/en_us\/product\/hidrocor\/#primaryimage\"},\"image\":{\"@id\":\"https:\/\/solotica.com.br\/en_us\/product\/hidrocor\/#primaryimage\"},\"thumbnailUrl\":\"https:\/\/solotica.com.br\/en_us\/wp-content\/uploads\/sites\/3\/2020\/06\/Hidrocor.png\",\"datePublished\":\"2020-06-25T14:47:18+00:00\",\"dateModified\":\"2024-04-30T17:11:51+00:00\",\"breadcrumb\":{\"@id\":\"https:\/\/solotica.com.br\/en_us\/product\/hidrocor\/#breadcrumb\"},\"inLanguage\":\"pt-BR\",\"potentialAction\":[{\"@type\":\"ReadAction\",\"target\":[\"https:\/\/solotica.com.br\/en_us\/product\/hidrocor\/\"]}]},{\"@type\":\"ImageObject\",\"inLanguage\":\"pt-BR\",\"@id\":\"https:\/\/solotica.com.br\/en_us\/product\/hidrocor\/#primaryimage\",\"url\":\"https:\/\/solotica.com.br\/en_us\/wp-content\/uploads\/sites\/3\/2020\/06\/Hidrocor.png\",\"contentUrl\":\"https:\/\/solotica.com.br\/en_us\/wp-content\/uploads\/sites\/3\/2020\/06\/Hidrocor.png\",\"width\":906,\"height\":851},{\"@type\":\"BreadcrumbList\",\"@id\":\"https:\/\/solotica.com.br\/en_us\/product\/hidrocor\/#breadcrumb\",\"itemListElement\":[{\"@type\":\"ListItem\",\"position\":1,\"name\":\"In\u00edcio\",\"item\":\"https:\/\/solotica.com.br\/en_us\/\"},{\"@type\":\"ListItem\",\"position\":2,\"name\":\"HIDROCOR\"}]},{\"@type\":\"WebSite\",\"@id\":\"https:\/\/solotica.com.br\/en_us\/#website\",\"url\":\"https:\/\/solotica.com.br\/en_us\/\",\"name\":\"Sol\u00f3tica Contact Lenses\",\"description\":\"\",\"potentialAction\":[{\"@type\":\"SearchAction\",\"target\":{\"@type\":\"EntryPoint\",\"urlTemplate\":\"https:\/\/solotica.com.br\/en_us\/?s={search_term_string}\"},\"query-input\":{\"@type\":\"PropertyValueSpecification\",\"valueRequired\":true,\"valueName\":\"search_term_string\"}}],\"inLanguage\":\"pt-BR\"}]}<\/script>\n<!-- \/ Yoast SEO plugin. -->","yoast_head_json":{"title":"HIDROCOR - Sol\u00f3tica Contact Lenses","robots":{"index":"index","follow":"follow","max-snippet":"max-snippet:-1","max-image-preview":"max-image-preview:large","max-video-preview":"max-video-preview:-1"},"canonical":"https:\/\/solotica.com.br\/en_us\/product\/hidrocor\/","og_locale":"pt_BR","og_type":"article","og_title":"HIDROCOR - Sol\u00f3tica Contact Lenses","og_description":"Material: Polymacon  Water Content: 38%  Powers: -15,00 to +15,00D  Base Curve: 8,7  \u00f8: 14,2mm  Also Avaliable Toric  Power: -20,00 a +10,00D Cyl. -00,75 a -7,00  Base Curve: 8,7 | 8,9 | 9,1  \u00f8: 14.8mm  Yearly Replacement  Label Information to User  Comunidade Europ\u00e9ia\/European Conformity  Unit Plano, Myopia and Farsightedness  Set Unit - Plano, Myopia and Farsightedness  Unit - Toric Lenses  Set - Toric Lenses","og_url":"https:\/\/solotica.com.br\/en_us\/product\/hidrocor\/","og_site_name":"Sol\u00f3tica Contact Lenses","article_modified_time":"2024-04-30T17:11:51+00:00","og_image":[{"width":906,"height":851,"url":"https:\/\/solotica.com.br\/en_us\/wp-content\/uploads\/sites\/3\/2020\/06\/Hidrocor.png","type":"image\/png"}],"twitter_card":"summary_large_image","twitter_misc":{"Est. tempo de leitura":"1 minuto"},"schema":{"@context":"https:\/\/schema.org","@graph":[{"@type":"WebPage","@id":"https:\/\/solotica.com.br\/en_us\/product\/hidrocor\/","url":"https:\/\/solotica.com.br\/en_us\/product\/hidrocor\/","name":"HIDROCOR - Sol\u00f3tica Contact Lenses","isPartOf":{"@id":"https:\/\/solotica.com.br\/en_us\/#website"},"primaryImageOfPage":{"@id":"https:\/\/solotica.com.br\/en_us\/product\/hidrocor\/#primaryimage"},"image":{"@id":"https:\/\/solotica.com.br\/en_us\/product\/hidrocor\/#primaryimage"},"thumbnailUrl":"https:\/\/solotica.com.br\/en_us\/wp-content\/uploads\/sites\/3\/2020\/06\/Hidrocor.png","datePublished":"2020-06-25T14:47:18+00:00","dateModified":"2024-04-30T17:11:51+00:00","breadcrumb":{"@id":"https:\/\/solotica.com.br\/en_us\/product\/hidrocor\/#breadcrumb"},"inLanguage":"pt-BR","potentialAction":[{"@type":"ReadAction","target":["https:\/\/solotica.com.br\/en_us\/product\/hidrocor\/"]}]},{"@type":"ImageObject","inLanguage":"pt-BR","@id":"https:\/\/solotica.com.br\/en_us\/product\/hidrocor\/#primaryimage","url":"https:\/\/solotica.com.br\/en_us\/wp-content\/uploads\/sites\/3\/2020\/06\/Hidrocor.png","contentUrl":"https:\/\/solotica.com.br\/en_us\/wp-content\/uploads\/sites\/3\/2020\/06\/Hidrocor.png","width":906,"height":851},{"@type":"BreadcrumbList","@id":"https:\/\/solotica.com.br\/en_us\/product\/hidrocor\/#breadcrumb","itemListElement":[{"@type":"ListItem","position":1,"name":"In\u00edcio","item":"https:\/\/solotica.com.br\/en_us\/"},{"@type":"ListItem","position":2,"name":"HIDROCOR"}]},{"@type":"WebSite","@id":"https:\/\/solotica.com.br\/en_us\/#website","url":"https:\/\/solotica.com.br\/en_us\/","name":"Sol\u00f3tica Contact Lenses","description":"","potentialAction":[{"@type":"SearchAction","target":{"@type":"EntryPoint","urlTemplate":"https:\/\/solotica.com.br\/en_us\/?s={search_term_string}"},"query-input":{"@type":"PropertyValueSpecification","valueRequired":true,"valueName":"search_term_string"}}],"inLanguage":"pt-BR"}]}},"_links":{"self":[{"href":"https:\/\/solotica.com.br\/en_us\/wp-json\/wp\/v2\/product\/59"}],"collection":[{"href":"https:\/\/solotica.com.br\/en_us\/wp-json\/wp\/v2\/product"}],"about":[{"href":"https:\/\/solotica.com.br\/en_us\/wp-json\/wp\/v2\/types\/product"}],"replies":[{"embeddable":true,"href":"https:\/\/solotica.com.br\/en_us\/wp-json\/wp\/v2\/comments?post=59"}],"wp:featuredmedia":[{"embeddable":true,"href":"https:\/\/solotica.com.br\/en_us\/wp-json\/wp\/v2\/media\/60"}],"wp:attachment":[{"href":"https:\/\/solotica.com.br\/en_us\/wp-json\/wp\/v2\/media?parent=59"}],"wp:term":[{"taxonomy":"product_cat","embeddable":true,"href":"https:\/\/solotica.com.br\/en_us\/wp-json\/wp\/v2\/product_cat?post=59"},{"taxonomy":"product_tag","embeddable":true,"href":"https:\/\/solotica.com.br\/en_us\/wp-json\/wp\/v2\/product_tag?post=59"}],"curies":[{"name":"wp","href":"https:\/\/api.w.org\/{rel}","templated":true}]}}