{"id":69,"date":"2020-06-25T11:56:39","date_gmt":"2020-06-25T14:56:39","guid":{"rendered":"https:\/\/solotica.com.br\/?post_type=product&#038;p=69"},"modified":"2024-04-30T14:16:03","modified_gmt":"2024-04-30T17:16:03","slug":"natural-colors","status":"publish","type":"product","link":"https:\/\/solotica.com.br\/en_us\/product\/natural-colors\/","title":{"rendered":"NATURAL COLORS"},"content":{"rendered":"<p>&#8220;Natural Colors&#8221; colored lenses are finely crafted with a highly natural effect.<\/p>\n<p>With their 15 soft colors and delicate limbal ring around the outer area of the iris, Natural Colors lenses provide beauty and a wide range of prescriptions, as well as custom-made toric lenses for patients, available in these colors:<\/p>\n<ul>\n<li>Mel<\/li>\n<li>Ocre<\/li>\n<li>Grafite<\/li>\n<li>Ice<\/li>\n<li>Top\u00e1zio<\/li>\n<li>Quartzo<\/li>\n<li>Cristal<\/li>\n<li>\u00c2mbar<\/li>\n<li>Avel\u00e3<\/li>\n<li>Jade<\/li>\n<li>Safira<\/li>\n<li>B\u00fazios<\/li>\n<li>Ipanema<\/li>\n<li>Cielo<\/li>\n<li>\u00c1gata<\/li>\n<\/ul>\n<p><i>Virtual test images are just for show &#8211; colors might vary based on your eye color.<\/i><\/p>\n","protected":false},"excerpt":{"rendered":"<p>Material: Polymacon<br \/>\nHidrata\u00e7\u00e3o: 38%<br \/>\nPowers: -15,00 to +15,00D<br \/>\nBase Curve: 8.7<\/p>\n<p>\u00f8: 14.2mm<\/p>\n<p>Toric<\/p>\n<p>Powers: Esf. -20,00 to +10,00D Cyl -00,75 to -7,00<\/p>\n<p>Base Curve: 8,7 | 8,9 | 9,1<\/p>\n<p>\u00f8: 14.8mm<\/p>\n<p>&#8212;&#8212;&#8212;&#8212;&#8212;&#8212;&#8212;&#8212;&#8212;&#8212;&#8212;&#8212;&#8212;&#8212;&#8212;&#8212;&#8212;&#8212;&#8212;&#8212;&#8212;&#8212;&#8212;&#8212;&#8212;&#8212;&#8212;&#8212;&#8212;&#8212;&#8212;&#8212;&#8212;&#8212;&#8211;<\/p>\n<p><strong>Label Information to User<\/strong><\/p>\n<p>Comunidade Europ\u00e9ia\/<i>European Conformity<\/i><\/p>\n<p><a href=\"https:\/\/solotica.com.br\/wp-content\/uploads\/2020\/05\/Natural-Colors-Unit-P.pdf\">Unit &#8211; Plano, Myopia and Farsightedness<\/a><\/p>\n<p><a href=\"https:\/\/solotica.com.br\/wp-content\/uploads\/2020\/05\/Set-Unit-Plano-Myopia-and-Farsightedness.pdf\">Set Unit &#8211; Plano, Myopia and Farsightedness<\/a><\/p>\n<p><a href=\"https:\/\/solotica.com.br\/wp-content\/uploads\/2020\/05\/Natural-Unit-Toric-Lenses.pdf\">Unit &#8211; Toric Lenses<\/a><\/p>\n<p><a href=\"https:\/\/solotica.com.br\/wp-content\/uploads\/2020\/05\/Natural-Set-Toric-Lenses.pdf\">Set &#8211; Toric Lenses<\/a><\/p>\n","protected":false},"featured_media":70,"comment_status":"open","ping_status":"closed","template":"","meta":{"cybocfi_hide_featured_image":""},"product_cat":[17],"product_tag":[],"wpr_featured_image":["https:\/\/solotica.com.br\/en_us\/wp-content\/uploads\/sites\/3\/2020\/06\/Natural-Colors-1-150x150.png",150,150,true],"yoast_head":"<!-- This site is optimized with the Yoast SEO plugin v23.4 - https:\/\/yoast.com\/wordpress\/plugins\/seo\/ -->\n<title>NATURAL COLORS - Sol\u00f3tica Contact Lenses<\/title>\n<meta name=\"robots\" content=\"index, follow, max-snippet:-1, max-image-preview:large, max-video-preview:-1\" \/>\n<link rel=\"canonical\" href=\"https:\/\/solotica.com.br\/en_us\/product\/natural-colors\/\" \/>\n<meta property=\"og:locale\" content=\"pt_BR\" \/>\n<meta property=\"og:type\" content=\"article\" \/>\n<meta property=\"og:title\" content=\"NATURAL COLORS - Sol\u00f3tica Contact Lenses\" \/>\n<meta property=\"og:description\" content=\"Material: Polymacon Hidrata\u00e7\u00e3o: 38% Powers: -15,00 to +15,00D Base Curve: 8.7  \u00f8: 14.2mm  Toric  Powers: Esf. -20,00 to +10,00D Cyl -00,75 to -7,00  Base Curve: 8,7 | 8,9 | 9,1  \u00f8: 14.8mm  --------------------------------------------------------------------------------------------------------  Label Information to User  Comunidade Europ\u00e9ia\/European Conformity  Unit - Plano, Myopia and Farsightedness  Set Unit - Plano, Myopia and Farsightedness  Unit - Toric Lenses  Set - Toric Lenses\" \/>\n<meta property=\"og:url\" content=\"https:\/\/solotica.com.br\/en_us\/product\/natural-colors\/\" \/>\n<meta property=\"og:site_name\" content=\"Sol\u00f3tica Contact Lenses\" \/>\n<meta property=\"article:modified_time\" content=\"2024-04-30T17:16:03+00:00\" \/>\n<meta property=\"og:image\" content=\"https:\/\/solotica.com.br\/en_us\/wp-content\/uploads\/sites\/3\/2020\/06\/Natural-Colors-1.png\" \/>\n\t<meta property=\"og:image:width\" content=\"906\" \/>\n\t<meta property=\"og:image:height\" content=\"851\" \/>\n\t<meta property=\"og:image:type\" content=\"image\/png\" \/>\n<meta name=\"twitter:card\" content=\"summary_large_image\" \/>\n<meta name=\"twitter:label1\" content=\"Est. tempo de leitura\" \/>\n\t<meta name=\"twitter:data1\" content=\"1 minuto\" \/>\n<script type=\"application\/ld+json\" class=\"yoast-schema-graph\">{\"@context\":\"https:\/\/schema.org\",\"@graph\":[{\"@type\":\"WebPage\",\"@id\":\"https:\/\/solotica.com.br\/en_us\/product\/natural-colors\/\",\"url\":\"https:\/\/solotica.com.br\/en_us\/product\/natural-colors\/\",\"name\":\"NATURAL COLORS - Sol\u00f3tica Contact Lenses\",\"isPartOf\":{\"@id\":\"https:\/\/solotica.com.br\/en_us\/#website\"},\"primaryImageOfPage\":{\"@id\":\"https:\/\/solotica.com.br\/en_us\/product\/natural-colors\/#primaryimage\"},\"image\":{\"@id\":\"https:\/\/solotica.com.br\/en_us\/product\/natural-colors\/#primaryimage\"},\"thumbnailUrl\":\"https:\/\/solotica.com.br\/en_us\/wp-content\/uploads\/sites\/3\/2020\/06\/Natural-Colors-1.png\",\"datePublished\":\"2020-06-25T14:56:39+00:00\",\"dateModified\":\"2024-04-30T17:16:03+00:00\",\"breadcrumb\":{\"@id\":\"https:\/\/solotica.com.br\/en_us\/product\/natural-colors\/#breadcrumb\"},\"inLanguage\":\"pt-BR\",\"potentialAction\":[{\"@type\":\"ReadAction\",\"target\":[\"https:\/\/solotica.com.br\/en_us\/product\/natural-colors\/\"]}]},{\"@type\":\"ImageObject\",\"inLanguage\":\"pt-BR\",\"@id\":\"https:\/\/solotica.com.br\/en_us\/product\/natural-colors\/#primaryimage\",\"url\":\"https:\/\/solotica.com.br\/en_us\/wp-content\/uploads\/sites\/3\/2020\/06\/Natural-Colors-1.png\",\"contentUrl\":\"https:\/\/solotica.com.br\/en_us\/wp-content\/uploads\/sites\/3\/2020\/06\/Natural-Colors-1.png\",\"width\":906,\"height\":851},{\"@type\":\"BreadcrumbList\",\"@id\":\"https:\/\/solotica.com.br\/en_us\/product\/natural-colors\/#breadcrumb\",\"itemListElement\":[{\"@type\":\"ListItem\",\"position\":1,\"name\":\"In\u00edcio\",\"item\":\"https:\/\/solotica.com.br\/en_us\/\"},{\"@type\":\"ListItem\",\"position\":2,\"name\":\"NATURAL COLORS\"}]},{\"@type\":\"WebSite\",\"@id\":\"https:\/\/solotica.com.br\/en_us\/#website\",\"url\":\"https:\/\/solotica.com.br\/en_us\/\",\"name\":\"Sol\u00f3tica Contact Lenses\",\"description\":\"\",\"potentialAction\":[{\"@type\":\"SearchAction\",\"target\":{\"@type\":\"EntryPoint\",\"urlTemplate\":\"https:\/\/solotica.com.br\/en_us\/?s={search_term_string}\"},\"query-input\":{\"@type\":\"PropertyValueSpecification\",\"valueRequired\":true,\"valueName\":\"search_term_string\"}}],\"inLanguage\":\"pt-BR\"}]}<\/script>\n<!-- \/ Yoast SEO plugin. -->","yoast_head_json":{"title":"NATURAL COLORS - Sol\u00f3tica Contact Lenses","robots":{"index":"index","follow":"follow","max-snippet":"max-snippet:-1","max-image-preview":"max-image-preview:large","max-video-preview":"max-video-preview:-1"},"canonical":"https:\/\/solotica.com.br\/en_us\/product\/natural-colors\/","og_locale":"pt_BR","og_type":"article","og_title":"NATURAL COLORS - Sol\u00f3tica Contact Lenses","og_description":"Material: Polymacon Hidrata\u00e7\u00e3o: 38% Powers: -15,00 to +15,00D Base Curve: 8.7  \u00f8: 14.2mm  Toric  Powers: Esf. -20,00 to +10,00D Cyl -00,75 to -7,00  Base Curve: 8,7 | 8,9 | 9,1  \u00f8: 14.8mm  --------------------------------------------------------------------------------------------------------  Label Information to User  Comunidade Europ\u00e9ia\/European Conformity  Unit - Plano, Myopia and Farsightedness  Set Unit - Plano, Myopia and Farsightedness  Unit - Toric Lenses  Set - Toric Lenses","og_url":"https:\/\/solotica.com.br\/en_us\/product\/natural-colors\/","og_site_name":"Sol\u00f3tica Contact Lenses","article_modified_time":"2024-04-30T17:16:03+00:00","og_image":[{"width":906,"height":851,"url":"https:\/\/solotica.com.br\/en_us\/wp-content\/uploads\/sites\/3\/2020\/06\/Natural-Colors-1.png","type":"image\/png"}],"twitter_card":"summary_large_image","twitter_misc":{"Est. tempo de leitura":"1 minuto"},"schema":{"@context":"https:\/\/schema.org","@graph":[{"@type":"WebPage","@id":"https:\/\/solotica.com.br\/en_us\/product\/natural-colors\/","url":"https:\/\/solotica.com.br\/en_us\/product\/natural-colors\/","name":"NATURAL COLORS - Sol\u00f3tica Contact Lenses","isPartOf":{"@id":"https:\/\/solotica.com.br\/en_us\/#website"},"primaryImageOfPage":{"@id":"https:\/\/solotica.com.br\/en_us\/product\/natural-colors\/#primaryimage"},"image":{"@id":"https:\/\/solotica.com.br\/en_us\/product\/natural-colors\/#primaryimage"},"thumbnailUrl":"https:\/\/solotica.com.br\/en_us\/wp-content\/uploads\/sites\/3\/2020\/06\/Natural-Colors-1.png","datePublished":"2020-06-25T14:56:39+00:00","dateModified":"2024-04-30T17:16:03+00:00","breadcrumb":{"@id":"https:\/\/solotica.com.br\/en_us\/product\/natural-colors\/#breadcrumb"},"inLanguage":"pt-BR","potentialAction":[{"@type":"ReadAction","target":["https:\/\/solotica.com.br\/en_us\/product\/natural-colors\/"]}]},{"@type":"ImageObject","inLanguage":"pt-BR","@id":"https:\/\/solotica.com.br\/en_us\/product\/natural-colors\/#primaryimage","url":"https:\/\/solotica.com.br\/en_us\/wp-content\/uploads\/sites\/3\/2020\/06\/Natural-Colors-1.png","contentUrl":"https:\/\/solotica.com.br\/en_us\/wp-content\/uploads\/sites\/3\/2020\/06\/Natural-Colors-1.png","width":906,"height":851},{"@type":"BreadcrumbList","@id":"https:\/\/solotica.com.br\/en_us\/product\/natural-colors\/#breadcrumb","itemListElement":[{"@type":"ListItem","position":1,"name":"In\u00edcio","item":"https:\/\/solotica.com.br\/en_us\/"},{"@type":"ListItem","position":2,"name":"NATURAL COLORS"}]},{"@type":"WebSite","@id":"https:\/\/solotica.com.br\/en_us\/#website","url":"https:\/\/solotica.com.br\/en_us\/","name":"Sol\u00f3tica Contact Lenses","description":"","potentialAction":[{"@type":"SearchAction","target":{"@type":"EntryPoint","urlTemplate":"https:\/\/solotica.com.br\/en_us\/?s={search_term_string}"},"query-input":{"@type":"PropertyValueSpecification","valueRequired":true,"valueName":"search_term_string"}}],"inLanguage":"pt-BR"}]}},"_links":{"self":[{"href":"https:\/\/solotica.com.br\/en_us\/wp-json\/wp\/v2\/product\/69"}],"collection":[{"href":"https:\/\/solotica.com.br\/en_us\/wp-json\/wp\/v2\/product"}],"about":[{"href":"https:\/\/solotica.com.br\/en_us\/wp-json\/wp\/v2\/types\/product"}],"replies":[{"embeddable":true,"href":"https:\/\/solotica.com.br\/en_us\/wp-json\/wp\/v2\/comments?post=69"}],"wp:featuredmedia":[{"embeddable":true,"href":"https:\/\/solotica.com.br\/en_us\/wp-json\/wp\/v2\/media\/70"}],"wp:attachment":[{"href":"https:\/\/solotica.com.br\/en_us\/wp-json\/wp\/v2\/media?parent=69"}],"wp:term":[{"taxonomy":"product_cat","embeddable":true,"href":"https:\/\/solotica.com.br\/en_us\/wp-json\/wp\/v2\/product_cat?post=69"},{"taxonomy":"product_tag","embeddable":true,"href":"https:\/\/solotica.com.br\/en_us\/wp-json\/wp\/v2\/product_tag?post=69"}],"curies":[{"name":"wp","href":"https:\/\/api.w.org\/{rel}","templated":true}]}}